{"id":6253,"date":"2021-12-22T08:53:35","date_gmt":"2021-12-22T08:53:35","guid":{"rendered":"https:\/\/dazniokeitiklis.lt\/produktas\/frequency-converter-vb-4t015gb-18r5pb\/"},"modified":"2021-12-22T08:53:35","modified_gmt":"2021-12-22T08:53:35","slug":"frequency-converter-vb-4t015gb-18r5pb","status":"publish","type":"product","link":"https:\/\/dazniokeitiklis.lt\/en\/frequency-converter-vb-4t015gb-18r5pb\/","title":{"rendered":"Frequency converter VB-4T015GB \/ 18R5PB"},"content":{"rendered":"<ul>\n<li>Daugiafunkcinis da\u017enio keitiklis<\/li>\n<li>Viena faz\u0117 220-240V 0.2KW \u2013 2.2KW<\/li>\n<li>Trij\u0173 fazi\u0173 380-420V 0.75KW \u2013 30,0KW<\/li>\n<li>Patogus, nuimamas pultelis, kur\u012f galima sumontuoti ant skydo vir\u0161aus;<\/li>\n<li>Greitas sumontavimas ant DIN b\u0117gelio;<\/li>\n<li>Kompakti\u0161kas, funkcionalus ir konkurencinga kaina;<\/li>\n<li>Ypa\u010d tinka pramon\u0117s, maisto, medienos apdirbimo \u012frengimams, konvejeriams ir kitoms \u0161akoms;<\/li>\n<li>MODBUS ry\u0161ys palaikomas;<\/li>\n<li>Valdymo pultelyje integruotas potenciometras;<\/li>\n<li>Daugelis kit\u0173 nauding\u0173 funkcij\u0173<\/li>\n<li>Naudojimo instrukcija angl\u0173, rus\u0173 kalbomis.<\/li>\n<\/ul>\n","protected":false},"excerpt":{"rendered":"<ul>\n<li> Multifunction Frequency Converter <\/li>\n<li> Three phase 400V <\/li>\n<li> Increased load 15kW, 32A <\/li>\n<li> Light load 18.5kW 37A (pumps, fans) <\/li>\n<\/ul>\n","protected":false},"featured_media":5578,"comment_status":"open","ping_status":"closed","template":"","meta":[],"product_cat":[444],"product_tag":[479],"acf":[],"_links":{"self":[{"href":"https:\/\/dazniokeitiklis.lt\/en\/wp-json\/wp\/v2\/product\/6253"}],"collection":[{"href":"https:\/\/dazniokeitiklis.lt\/en\/wp-json\/wp\/v2\/product"}],"about":[{"href":"https:\/\/dazniokeitiklis.lt\/en\/wp-json\/wp\/v2\/types\/product"}],"replies":[{"embeddable":true,"href":"https:\/\/dazniokeitiklis.lt\/en\/wp-json\/wp\/v2\/comments?post=6253"}],"wp:featuredmedia":[{"embeddable":true,"href":"https:\/\/dazniokeitiklis.lt\/en\/wp-json\/wp\/v2\/media\/5578"}],"wp:attachment":[{"href":"https:\/\/dazniokeitiklis.lt\/en\/wp-json\/wp\/v2\/media?parent=6253"}],"wp:term":[{"taxonomy":"product_cat","embeddable":true,"href":"https:\/\/dazniokeitiklis.lt\/en\/wp-json\/wp\/v2\/product_cat?post=6253"},{"taxonomy":"product_tag","embeddable":true,"href":"https:\/\/dazniokeitiklis.lt\/en\/wp-json\/wp\/v2\/product_tag?post=6253"}],"curies":[{"name":"wp","href":"https:\/\/api.w.org\/{rel}","templated":true}]}}